{"id":45,"date":"2024-07-18T16:05:17","date_gmt":"2024-07-18T16:05:17","guid":{"rendered":"https:\/\/demo.casethemes.net\/medicross\/?page_id=45"},"modified":"2025-11-08T19:12:51","modified_gmt":"2025-11-08T18:12:51","slug":"faqs","status":"publish","type":"page","link":"https:\/\/wasserglanz.com.de\/fr\/faqs\/","title":{"rendered":"FAQ"},"content":{"rendered":"<div data-elementor-type=\"wp-page\" data-elementor-id=\"45\" class=\"elementor elementor-45\" data-elementor-post-type=\"page\">\n\t\t\t\t        <section class=\"elementor-section elementor-top-section elementor-element elementor-element-34d533a elementor-section-stretched elementor-section-boxed elementor-section-height-default elementor-section-height-default pxl-row-scroll-none pxl-zoom-point-false pxl-section-overflow-visible pxl-section-fix-none pxl-bg-color-none pxl-section-overlay-none\" data-id=\"34d533a\" data-element_type=\"section\" data-settings=\"{&quot;stretch_section&quot;:&quot;section-stretched&quot;}\">\n\n                \n                <div class=\"elementor-container elementor-column-gap-extended\">\n                <div class=\"elementor-column elementor-col-100 elementor-top-column elementor-element elementor-element-cd2da59 pxl-column-none\" data-id=\"cd2da59\" data-element_type=\"column\" data-settings=\"{&quot;background_background&quot;:&quot;classic&quot;}\">\r\n        <div class=\"elementor-widget-wrap elementor-element-populated\">\r\n                                <div class=\"elementor-background-overlay\"><\/div>\r\n         \r\n                <section class=\"elementor-section elementor-inner-section elementor-element elementor-element-28e68da elementor-section-content-bottom elementor-section-boxed elementor-section-height-default elementor-section-height-default pxl-row-scroll-none pxl-zoom-point-false pxl-section-overflow-visible pxl-section-fix-none pxl-bg-color-none pxl-section-overlay-none\" data-id=\"28e68da\" data-element_type=\"section\">\n\n                \n                <div class=\"elementor-container elementor-column-gap-extended\">\n                <div class=\"elementor-column elementor-col-50 elementor-inner-column elementor-element elementor-element-36733fa pxl-column-none pxl-column-overflow-hidden-no\" data-id=\"36733fa\" data-element_type=\"column\">\r\n        <div class=\"elementor-widget-wrap elementor-element-populated\">\r\n                     \r\n        \t\t<div class=\"elementor-element elementor-element-1279881 elementor-widget__width-auto elementor-widget elementor-widget-pxl_heading\" data-id=\"1279881\" data-element_type=\"widget\" data-widget_type=\"pxl_heading.default\">\n\t\t\t\t<div class=\"elementor-widget-container\">\n\t\t\t\t\t\n<div id=\"pxl-pxl_heading-1279881-6402\" class=\"pxl-heading px-sub-title-default-style\">\n\t<div class=\"pxl-heading--inner\">\n\t\t\n\t\t<h3 class=\"pxl-item--title style-default  highlight-default\" data-wow-delay=\"ms\">\n\t\t\t\t\tFAQ\t\n\t\t\t\n\t\t<\/h3>\n\t\t\n\t<\/div>\n<\/div>\t\t\t\t<\/div>\n\t\t\t\t<\/div>\n\t\t            <\/div>\r\n        <\/div>\r\n                <div class=\"elementor-column elementor-col-50 elementor-inner-column elementor-element elementor-element-848aeb4 pxl-column-none pxl-column-overflow-hidden-no\" data-id=\"848aeb4\" data-element_type=\"column\">\r\n        <div class=\"elementor-widget-wrap elementor-element-populated\">\r\n                     \r\n        \t\t<div class=\"elementor-element elementor-element-fdc4ced elementor-widget__width-auto elementor-widget elementor-widget-pxl_breadcrumb\" data-id=\"fdc4ced\" data-element_type=\"widget\" data-widget_type=\"pxl_breadcrumb.default\">\n\t\t\t\t<div class=\"elementor-widget-container\">\n\t\t\t\t\t<div class=\"pxl-breadcrumb-wrap\">\n\t<ul class=\"pxl-breadcrumb\"><li><span class=\"breadcrumb-entry\">Wasser Glanz<\/span><\/li><\/ul><\/div>\t\t\t\t<\/div>\n\t\t\t\t<\/div>\n\t\t            <\/div>\r\n        <\/div>\r\n        \t\t\t<\/div>\n\t\t<\/section>\n\t\t            <\/div>\r\n        <\/div>\r\n        \t\t\t<\/div>\n\t\t<\/section>\n\t\t        <section class=\"elementor-section elementor-top-section elementor-element elementor-element-1ec7391 elementor-section-stretched pxl-row-scroll-fixed elementor-section-boxed elementor-section-height-default elementor-section-height-default pxl-zoom-point-false pxl-section-overflow-visible pxl-section-fix-none pxl-bg-color-none pxl-section-overlay-none\" data-id=\"1ec7391\" data-element_type=\"section\" data-settings=\"{&quot;stretch_section&quot;:&quot;section-stretched&quot;}\">\n\n                \n                <div class=\"elementor-container elementor-column-gap-extended\">\n                <div class=\"elementor-column elementor-col-50 elementor-top-column elementor-element elementor-element-d641708 pxl-column-none pxl-column-overflow-hidden-no\" data-id=\"d641708\" data-element_type=\"column\">\r\n        <div class=\"elementor-widget-wrap elementor-element-populated\">\r\n                     \r\n        \t\t<div class=\"elementor-element elementor-element-96d46eb ft-gt elementor-widget elementor-widget-pxl_heading\" data-id=\"96d46eb\" data-element_type=\"widget\" data-widget_type=\"pxl_heading.default\">\n\t\t\t\t<div class=\"elementor-widget-container\">\n\t\t\t\t\t\n<div id=\"pxl-pxl_heading-96d46eb-4814\" class=\"pxl-heading px-sub-title-default-style\">\n\t<div class=\"pxl-heading--inner\">\n\t\t\n\t\t<h3 class=\"pxl-item--title style-default ft-gt highlight-default pxl-split-text split-in-fade\" data-wow-delay=\"ms\">\n\t\t\t\t\tCommon Questions\t\n\t\t\t\n\t\t<\/h3>\n\t\t\n\t<\/div>\n<\/div>\t\t\t\t<\/div>\n\t\t\t\t<\/div>\n\t\t\t\t<div class=\"elementor-element elementor-element-df11753 elementor-widget elementor-widget-pxl_accordion\" data-id=\"df11753\" data-element_type=\"widget\" data-widget_type=\"pxl_accordion.default\">\n\t\t\t\t<div class=\"elementor-widget-container\">\n\t\t\t\t\t    <div class=\"pxl-accordion pxl-accordion1 style1\" data-wow-delay=\"ms\">\r\n                    <div class=\"pxl--item  active\">\r\n                                \r\n                <h5 class=\"pxl-accordion--title\" data-target=\"#pxl_accordion-df11753-4989-98960d6\">\r\n                                <span class=\"pxl-title--text pxl-pr-20\">Qu'est-ce qui diff\u00e9rencie les syst\u00e8mes Wasser Glanz des autres ?<\/span>\r\n\r\n                <i class=\"pxl-icon--plus pxl-r-9\"><\/i> \r\n\r\n                \r\n                <\/h5>\r\n                <div id=\"pxl_accordion-df11753-4989-98960d6\" class=\"pxl-accordion--content\" style=\"display: block;\">\r\n                    Nos syst\u00e8mes sont con\u00e7us avec la pr\u00e9cision de l'ing\u00e9nierie allemande, ce qui garantit des performances durables, une maintenance r\u00e9duite et une puret\u00e9 de l'eau sup\u00e9rieure.                <\/div>\r\n                                            <\/div>\r\n                    <div class=\"pxl--item\">\r\n                                \r\n                <h5 class=\"pxl-accordion--title\" data-target=\"#pxl_accordion-df11753-4989-4a226d1\">\r\n                                <span class=\"pxl-title--text pxl-pr-20\">O\u00f9 sont fabriqu\u00e9s les produits Wasser Glanz ?<\/span>\r\n\r\n                <i class=\"pxl-icon--plus pxl-r-9\"><\/i> \r\n\r\n                \r\n                <\/h5>\r\n                <div id=\"pxl_accordion-df11753-4989-4a226d1\" class=\"pxl-accordion--content\" >\r\n                    Tous les composants cl\u00e9s sont con\u00e7us et fabriqu\u00e9s en Allemagne, dans le respect des normes europ\u00e9ennes strictes en mati\u00e8re de qualit\u00e9 et de s\u00e9curit\u00e9.                <\/div>\r\n                                            <\/div>\r\n                    <div class=\"pxl--item\">\r\n                                \r\n                <h5 class=\"pxl-accordion--title\" data-target=\"#pxl_accordion-df11753-4989-270b63f\">\r\n                                <span class=\"pxl-title--text pxl-pr-20\">Puis-je installer un syst\u00e8me Wasser Glanz chez moi ?<\/span>\r\n\r\n                <i class=\"pxl-icon--plus pxl-r-9\"><\/i> \r\n\r\n                \r\n                <\/h5>\r\n                <div id=\"pxl_accordion-df11753-4989-270b63f\" class=\"pxl-accordion--content\" >\r\n                    Oui. Nous proposons des syst\u00e8mes r\u00e9sidentiels compacts adapt\u00e9s aux maisons, aux appartements et aux petits bureaux. L'installation est simple et soutenue par nos partenaires techniques.                <\/div>\r\n                                            <\/div>\r\n            <\/div>\r\n    \t\t\t\t<\/div>\n\t\t\t\t<\/div>\n\t\t\t\t<div class=\"elementor-element elementor-element-cd5d09f ft-gt elementor-widget elementor-widget-pxl_heading\" data-id=\"cd5d09f\" data-element_type=\"widget\" data-widget_type=\"pxl_heading.default\">\n\t\t\t\t<div class=\"elementor-widget-container\">\n\t\t\t\t\t\n<div id=\"pxl-pxl_heading-cd5d09f-4070\" class=\"pxl-heading px-sub-title-default-style\">\n\t<div class=\"pxl-heading--inner\">\n\t\t\n\t\t<h3 class=\"pxl-item--title style-default  highlight-default pxl-split-text split-in-fade\" data-wow-delay=\"ms\">\n\t\t\t\t\tServices Questions\t\n\t\t\t\n\t\t<\/h3>\n\t\t\n\t<\/div>\n<\/div>\t\t\t\t<\/div>\n\t\t\t\t<\/div>\n\t\t\t\t<div class=\"elementor-element elementor-element-948c0e3 elementor-widget elementor-widget-pxl_accordion\" data-id=\"948c0e3\" data-element_type=\"widget\" data-widget_type=\"pxl_accordion.default\">\n\t\t\t\t<div class=\"elementor-widget-container\">\n\t\t\t\t\t    <div class=\"pxl-accordion pxl-accordion1 style1\" data-wow-delay=\"ms\">\r\n                    <div class=\"pxl--item  active\">\r\n                                \r\n                <h5 class=\"pxl-accordion--title\" data-target=\"#pxl_accordion-948c0e3-1291-98960d6\">\r\n                                <span class=\"pxl-title--text pxl-pr-20\">Proposez-vous des solutions \u00e0 usage industriel ou commercial ?<\/span>\r\n\r\n                <i class=\"pxl-icon--plus pxl-r-9\"><\/i> \r\n\r\n                \r\n                <\/h5>\r\n                <div id=\"pxl_accordion-948c0e3-1291-98960d6\" class=\"pxl-accordion--content\" style=\"display: block;\">\r\n                    Absolument. Nous concevons des syst\u00e8mes d'OI, d'UF et de filtration sur mesure pour des applications industrielles, municipales et hospitali\u00e8res.                <\/div>\r\n                                            <\/div>\r\n                    <div class=\"pxl--item\">\r\n                                \r\n                <h5 class=\"pxl-accordion--title\" data-target=\"#pxl_accordion-948c0e3-1291-4a226d1\">\r\n                                <span class=\"pxl-title--text pxl-pr-20\">\u00c0 quelle fr\u00e9quence les filtres doivent-ils \u00eatre remplac\u00e9s ?<\/span>\r\n\r\n                <i class=\"pxl-icon--plus pxl-r-9\"><\/i> \r\n\r\n                \r\n                <\/h5>\r\n                <div id=\"pxl_accordion-948c0e3-1291-4a226d1\" class=\"pxl-accordion--content\" >\r\n                    G\u00e9n\u00e9ralement tous les 6 \u00e0 12 mois, en fonction de la qualit\u00e9 de l'eau et du volume d'utilisation. Nos syst\u00e8mes comprennent des indicateurs intelligents pour une maintenance en temps voulu.                <\/div>\r\n                                            <\/div>\r\n                    <div class=\"pxl--item\">\r\n                                \r\n                <h5 class=\"pxl-accordion--title\" data-target=\"#pxl_accordion-948c0e3-1291-270b63f\">\r\n                                <span class=\"pxl-title--text pxl-pr-20\">Vos produits sont-ils respectueux de l'environnement ?<\/span>\r\n\r\n                <i class=\"pxl-icon--plus pxl-r-9\"><\/i> \r\n\r\n                \r\n                <\/h5>\r\n                <div id=\"pxl_accordion-948c0e3-1291-270b63f\" class=\"pxl-accordion--content\" >\r\n                    Oui. Nos technologies sont d\u00e9velopp\u00e9es pour minimiser le gaspillage d'eau et la consommation d'\u00e9nergie tout en prolongeant la dur\u00e9e de vie des filtres.                <\/div>\r\n                                            <\/div>\r\n            <\/div>\r\n    \t\t\t\t<\/div>\n\t\t\t\t<\/div>\n\t\t            <\/div>\r\n        <\/div>\r\n                <div class=\"elementor-column elementor-col-50 elementor-top-column elementor-element elementor-element-ebe91f6 pxl-column-sticky pxl-column-overflow-hidden-no\" data-id=\"ebe91f6\" data-element_type=\"column\">\r\n        <div class=\"elementor-widget-wrap elementor-element-populated\">\r\n                     \r\n                <section class=\"elementor-section elementor-inner-section elementor-element elementor-element-7c5fbe7 elementor-section-boxed elementor-section-height-default elementor-section-height-default pxl-row-scroll-none pxl-zoom-point-false pxl-section-overflow-visible pxl-section-fix-none pxl-bg-color-none pxl-section-overlay-none\" data-id=\"7c5fbe7\" data-element_type=\"section\" data-settings=\"{&quot;background_background&quot;:&quot;classic&quot;}\">\n\n                \n                <div class=\"elementor-container elementor-column-gap-default\">\n                <div class=\"elementor-column elementor-col-100 elementor-inner-column elementor-element elementor-element-1ffceb1 pxl-column-none pxl-column-overflow-hidden-no\" data-id=\"1ffceb1\" data-element_type=\"column\">\r\n        <div class=\"elementor-widget-wrap elementor-element-populated\">\r\n                     \r\n        \t\t<div class=\"elementor-element elementor-element-a54dcb8 elementor-widget elementor-widget-pxl_heading\" data-id=\"a54dcb8\" data-element_type=\"widget\" data-widget_type=\"pxl_heading.default\">\n\t\t\t\t<div class=\"elementor-widget-container\">\n\t\t\t\t\t\n<div id=\"pxl-pxl_heading-a54dcb8-1967\" class=\"pxl-heading px-sub-title-default-style\">\n\t<div class=\"pxl-heading--inner\">\n\t\t\n\t\t<h3 class=\"pxl-item--title style-default  highlight-default\" data-wow-delay=\"ms\">\n\t\t\t\t\tDidn&#8217;t Find the Answer?\nAsk us Questions\t\n\t\t\t\n\t\t<\/h3>\n\t\t\n\t<\/div>\n<\/div>\t\t\t\t<\/div>\n\t\t\t\t<\/div>\n\t\t\t\t<div class=\"elementor-element elementor-element-1984114 elementor-widget elementor-widget-pxl_text_editor\" data-id=\"1984114\" data-element_type=\"widget\" data-widget_type=\"pxl_text_editor.default\">\n\t\t\t\t<div class=\"elementor-widget-container\">\n\t\t\t\t\t<div class=\"pxl-text-editor default\">\n\t<div class=\"pxl-item--inner\" data-wow-delay=\"ms\">\n\t\t<p>Call us directly, submit a sample or email us!<\/p>\t\t\n\t<\/div>\n<\/div>\t\t\t\t<\/div>\n\t\t\t\t<\/div>\n\t\t\t\t<div class=\"elementor-element elementor-element-1162af5 elementor-widget elementor-widget-pxl_icon_box\" data-id=\"1162af5\" data-element_type=\"widget\" data-widget_type=\"pxl_icon_box.default\">\n\t\t\t\t<div class=\"elementor-widget-container\">\n\t\t\t\t\t<div class=\"pxl-icon-box pxl-icon-box1 style-2 ani3\" data-wow-delay=\"ms\">\r\n    <div class=\"pxl-item--inner\">\r\n        \r\n                            <div class=\"pxl-item--icon\">\r\n                                    <svg xmlns=\"http:\/\/www.w3.org\/2000\/svg\" width=\"32\" height=\"32\" fill=\"#000000\" viewbox=\"0 0 256 256\"><path d=\"M128,64a40,40,0,1,0,40,40A40,40,0,0,0,128,64Zm0,64a24,24,0,1,1,24-24A24,24,0,0,1,128,128Zm0-112a88.1,88.1,0,0,0-88,88c0,31.4,14.51,64.68,42,96.25a254.19,254.19,0,0,0,41.45,38.3,8,8,0,0,0,9.18,0A254.19,254.19,0,0,0,174,200.25c27.45-31.57,42-64.85,42-96.25A88.1,88.1,0,0,0,128,16Zm0,206c-16.53-13-72-60.75-72-118a72,72,0,0,1,144,0C200,161.23,144.53,209,128,222Z\"><\/path><\/svg>                                <\/div>\r\n                        <div class=\"pxl-item--meta\">\r\n            <h5 class=\"pxl-item--title el-empty\">\r\n                        Adresse de l'entreprise                        <\/h5>\r\n            <div class=\"pxl-item--description el-empty\">Neue Mainzer Stra\u00dfe 52-58,\n60311 Francfort-sur-le-Main, Allemagne<\/div>\r\n        <\/div>\r\n    <\/div>\r\n<\/div>\t\t\t\t<\/div>\n\t\t\t\t<\/div>\n\t\t\t\t<div class=\"elementor-element elementor-element-232b325 elementor-widget elementor-widget-pxl_icon_box\" data-id=\"232b325\" data-element_type=\"widget\" data-widget_type=\"pxl_icon_box.default\">\n\t\t\t\t<div class=\"elementor-widget-container\">\n\t\t\t\t\t<div class=\"pxl-icon-box pxl-icon-box1 style-2 ani3\" data-wow-delay=\"ms\">\r\n    <div class=\"pxl-item--inner\">\r\n        \r\n                            <div class=\"pxl-item--icon\">\r\n                                    <svg xmlns=\"http:\/\/www.w3.org\/2000\/svg\" width=\"32\" height=\"32\" fill=\"#000000\" viewbox=\"0 0 256 256\"><path d=\"M168,112a8,8,0,0,1-8,8H96a8,8,0,0,1,0-16h64A8,8,0,0,1,168,112Zm-8,24H96a8,8,0,0,0,0,16h64a8,8,0,0,0,0-16Zm72-12A100.11,100.11,0,0,1,132,224H47.67A15.69,15.69,0,0,1,32,208.33V124a100,100,0,0,1,200,0Zm-16,0a84,84,0,0,0-168,0v84h84A84.09,84.09,0,0,0,216,124Z\"><\/path><\/svg>                                <\/div>\r\n                        <div class=\"pxl-item--meta\">\r\n            <h5 class=\"pxl-item--title el-empty\">\r\n                        Nous contacter                        <\/h5>\r\n            <div class=\"pxl-item--description el-empty\">Envoyez-nous un courrier : help@wasserglanz.com.de<br>\n<\/div>\r\n        <\/div>\r\n    <\/div>\r\n<\/div>\t\t\t\t<\/div>\n\t\t\t\t<\/div>\n\t\t\t\t<div class=\"elementor-element elementor-element-f811c99 elementor-widget elementor-widget-pxl_icon_box\" data-id=\"f811c99\" data-element_type=\"widget\" data-widget_type=\"pxl_icon_box.default\">\n\t\t\t\t<div class=\"elementor-widget-container\">\n\t\t\t\t\t<div class=\"pxl-icon-box pxl-icon-box1 style-2 ani3\" data-wow-delay=\"ms\">\r\n    <div class=\"pxl-item--inner\">\r\n        \r\n                            <div class=\"pxl-item--icon\">\r\n                                    <svg xmlns=\"http:\/\/www.w3.org\/2000\/svg\" width=\"32\" height=\"32\" fill=\"#000000\" viewbox=\"0 0 256 256\"><path d=\"M128,32a96,96,0,1,0,96,96A96.11,96.11,0,0,0,128,32Zm0,176a80,80,0,1,1,80-80A80.09,80.09,0,0,1,128,208ZM61.66,29.66l-32,32A8,8,0,0,1,18.34,50.34l32-32A8,8,0,1,1,61.66,29.66Zm176,32a8,8,0,0,1-11.32,0l-32-32a8,8,0,0,1,11.32-11.32l32,32A8,8,0,0,1,237.66,61.66ZM184,120a8,8,0,0,1,0,16H128a8,8,0,0,1-8-8V72a8,8,0,0,1,16,0v48Z\"><\/path><\/svg>                                <\/div>\r\n                        <div class=\"pxl-item--meta\">\r\n            <h5 class=\"pxl-item--title el-empty\">\r\n                        Temps de travail                        <\/h5>\r\n            <div class=\"pxl-item--description el-empty\">Du lundi au samedi : 7.00 - 19.00\nDimanche : Ferm\u00e9<\/div>\r\n        <\/div>\r\n    <\/div>\r\n<\/div>\t\t\t\t<\/div>\n\t\t\t\t<\/div>\n\t\t\t\t<div class=\"elementor-element elementor-element-ba3172c ft-gt elementor-widget elementor-widget-pxl_button\" data-id=\"ba3172c\" data-element_type=\"widget\" data-widget_type=\"pxl_button.default\">\n\t\t\t\t<div class=\"elementor-widget-container\">\n\t\t\t\t\t<div id=\"pxl-pxl_button-ba3172c-1981\" class=\"pxl-button pxl-atc-link\" data-wow-delay=\"ms\">\r\n    <a href=\"https:\/\/wasserglanz.com.de\/fr\/contact-us\/\" class=\"btn  btn-glossy btn-default  full pxl-icon--right\" data-wow-delay=\"ms\" data-target=\".pxl-page-popup-template-0\">\r\n                    <svg xmlns=\"http:\/\/www.w3.org\/2000\/svg\" viewbox=\"0 0 24 24\" width=\"512\" style=\"transform:scalex(-1);height:auto;\" data-name=\"Layer 2\"><path d=\"m22 11h-17.586l5.293-5.293a1 1 0 1 0 -1.414-1.414l-7 7a1 1 0 0 0 0 1.414l7 7a1 1 0 0 0 1.414-1.414l-5.293-5.293h17.586a1 1 0 0 0 0-2z\"><\/path><\/svg>                        <span class=\"pxl--btn-text\" data-text=\"Get in Touch With Us\">\r\n                        Prenez contact avec nous        <\/span>\r\n    <\/a>\r\n<\/div>\t\t\t\t<\/div>\n\t\t\t\t<\/div>\n\t\t            <\/div>\r\n        <\/div>\r\n        \t\t\t<\/div>\n\t\t<\/section>\n\t\t            <\/div>\r\n        <\/div>\r\n        \t\t\t<\/div>\n\t\t<\/section>\n\t\t\t\t<\/div>","protected":false},"excerpt":{"rendered":"<p>FAQs Wasser Glanz Common Questions What makes Wasser Glanz systems different from others? Our systems are designed with German engineering precision, ensuring long-lasting performance, low maintenance, and superior water purity. Where are Wasser Glanz products manufactured? All key components are designed and engineered in Germany, following strict EU quality and safety standards. Can I install [&hellip;]<\/p>","protected":false},"author":1,"featured_media":0,"parent":0,"menu_order":0,"comment_status":"closed","ping_status":"closed","template":"","meta":{"footnotes":""},"class_list":["post-45","page","type-page","status-publish","hentry"],"lang":"en","translations":{"en":45},"_links":{"self":[{"href":"https:\/\/wasserglanz.com.de\/fr\/wp-json\/wp\/v2\/pages\/45","targetHints":{"allow":["GET"]}}],"collection":[{"href":"https:\/\/wasserglanz.com.de\/fr\/wp-json\/wp\/v2\/pages"}],"about":[{"href":"https:\/\/wasserglanz.com.de\/fr\/wp-json\/wp\/v2\/types\/page"}],"author":[{"embeddable":true,"href":"https:\/\/wasserglanz.com.de\/fr\/wp-json\/wp\/v2\/users\/1"}],"replies":[{"embeddable":true,"href":"https:\/\/wasserglanz.com.de\/fr\/wp-json\/wp\/v2\/comments?post=45"}],"version-history":[{"count":6,"href":"https:\/\/wasserglanz.com.de\/fr\/wp-json\/wp\/v2\/pages\/45\/revisions"}],"predecessor-version":[{"id":12197,"href":"https:\/\/wasserglanz.com.de\/fr\/wp-json\/wp\/v2\/pages\/45\/revisions\/12197"}],"wp:attachment":[{"href":"https:\/\/wasserglanz.com.de\/fr\/wp-json\/wp\/v2\/media?parent=45"}],"curies":[{"name":"wp","href":"https:\/\/api.w.org\/{rel}","templated":true}]}}